{"id":322,"date":"2020-05-07T18:26:11","date_gmt":"2020-05-07T18:26:11","guid":{"rendered":"https:\/\/amanida.net\/es\/?post_type=product&#038;p=322"},"modified":"2020-05-08T09:53:41","modified_gmt":"2020-05-08T09:53:41","slug":"papelcolor","status":"publish","type":"product","link":"https:\/\/amanida.net\/es\/producto\/papelcolor\/","title":{"rendered":"Papel de color"},"content":{"rendered":"<ul>\n<li>Una opci\u00f3n econ\u00f3mica de impresi\u00f3n m\u00e1s atractiva que la fotocopia. Por poco m\u00e1s puedes hacer tus copias sobre papel del color que elijas o un surtido de los mismos.<\/li>\n<li>Hasta un tama\u00f1o m\u00e1ximo A3 (420x297mm) puedes elegir cualquier formato (A3, A4, A5, A6, DL..) o cualquier otro que se te ocurra<\/li>\n<li>Muy usado tambi\u00e9n para la edici\u00f2n de talonarios de rifas, entradas, vales y otros tickets, dificultando su falsificaci\u00f3n.<\/li>\n<li>Tambi\u00e9n supone una gran rapidez en el servicio, en pocas horas puede estar listo para recoger o enviar a cualquier parte de Espa\u00f1a<\/li>\n<li>Papel gran calidad de 80 grs. de la prestigiosa marca MONDI<\/li>\n<li>Impresi\u00f3n en negro.<\/li>\n<\/ul>\n<p><img loading=\"lazy\" decoding=\"async\" class=\"alignnone size-medium wp-image-359\" src=\"https:\/\/amanida.net\/es\/wp-content\/uploads\/2020\/05\/logos-eco-300x100.jpg\" alt=\"\" width=\"300\" height=\"100\" \/><\/p>\n<p><em>OBSERVACIONES: Los colores de la imagen son de referencia, la pantalla de tu ordenador o m\u00f3vil no puede mostrar con exactitud sus tonalidades. <\/em><br \/>\n<em>Puedes solicitar nuestro peque\u00f1o catalogo de muestra por solo 3\u20ac (incluido gastos de env\u00edo) o gratuitamente si tu pedido supera los 50\u20ac<br \/>\nNo podemos garantizar el stock de todos los colores por motivo de disponibilidad del almacenista. En caso de faltas se comunicar\u00e1 urgentemente para la sustituci\u00f3n o anulaci\u00f3n del pedido<br \/>\n<\/em><\/p>\n<p>Enviar archivos para impresion a <a href=\"mailto:info@preimpresion.es\">info@preimpresion.es<\/a><br \/>\nTambi\u00e9n por <strong><a href=\"https:\/\/www.wetransfer.com\/?to=info@preimpresion.es&amp;msg=Indicanos%20el%20No.%20de%20pedido%20y%20las%20observaciones%20que%20consideres\">WeTransfer<\/a> <\/strong>a la misma direcci\u00f3n si tu fichero es superior a los 25Mb<br \/>\n<strong>Consultas:<\/strong> 965 452990 &#8211; 670 631 980<img loading=\"lazy\" decoding=\"async\" class=\"alignnone wp-image-135 size-thumbnail\" src=\"http:\/\/amanida.net\/es\/wp-content\/uploads\/2020\/03\/WhatsApp-Logo-150x150.png\" alt=\"\" width=\"20\" height=\"20\" \/> <a href=\"mailto:info@preimpresion.es\">info@preimpresion.es<\/a><\/p>\n","protected":false},"excerpt":{"rendered":"<p>Impresi\u00f3n en negro sobre papel de color 80gr<\/p>\n","protected":false},"featured_media":353,"comment_status":"open","ping_status":"closed","template":"","meta":{"_et_pb_use_builder":"","_et_pb_old_content":"","_et_gb_content_width":"","_joinchat":[]},"product_cat":[19,20],"product_tag":[],"class_list":["post-322","product","type-product","status-publish","has-post-thumbnail","hentry","product_cat-impresiones","product_cat-papeleria"],"_links":{"self":[{"href":"https:\/\/amanida.net\/es\/wp-json\/wp\/v2\/product\/322","targetHints":{"allow":["GET"]}}],"collection":[{"href":"https:\/\/amanida.net\/es\/wp-json\/wp\/v2\/product"}],"about":[{"href":"https:\/\/amanida.net\/es\/wp-json\/wp\/v2\/types\/product"}],"replies":[{"embeddable":true,"href":"https:\/\/amanida.net\/es\/wp-json\/wp\/v2\/comments?post=322"}],"wp:featuredmedia":[{"embeddable":true,"href":"https:\/\/amanida.net\/es\/wp-json\/wp\/v2\/media\/353"}],"wp:attachment":[{"href":"https:\/\/amanida.net\/es\/wp-json\/wp\/v2\/media?parent=322"}],"wp:term":[{"taxonomy":"product_cat","embeddable":true,"href":"https:\/\/amanida.net\/es\/wp-json\/wp\/v2\/product_cat?post=322"},{"taxonomy":"product_tag","embeddable":true,"href":"https:\/\/amanida.net\/es\/wp-json\/wp\/v2\/product_tag?post=322"}],"curies":[{"name":"wp","href":"https:\/\/api.w.org\/{rel}","templated":true}]}}