{"id":226,"date":"2020-04-06T19:03:45","date_gmt":"2020-04-06T19:03:45","guid":{"rendered":"http:\/\/amanida.net\/es\/?post_type=product&#038;p=226"},"modified":"2025-04-13T18:57:59","modified_gmt":"2025-04-13T18:57:59","slug":"hosting","status":"publish","type":"product","link":"https:\/\/amanida.net\/es\/producto\/hosting\/","title":{"rendered":"Hosting b\u00e1sico"},"content":{"rendered":"<p><strong>ALOJAMIENTO (hosting, mail, bases datos, ftp&#8230;)<br \/>\n<span style=\"color: #ff0000;\">AMPLIABLE. <\/span><\/strong><span style=\"color: #ff0000;\"><strong><a href=\"https:\/\/amanida.net\/es\/producto\/masgb\">Puedes solicitar el aumento de espacio en este enlace<\/a><\/strong><br \/>\n<\/span><\/p>\n<p style=\"text-align: left;\"><strong>Panel de control propio (CPANEL) con:<\/strong><\/p>\n<table style=\"width: 779.9px;\">\n<tbody>\n<tr class=\"even\">\n<td class=\"title\" style=\"width: 576px;\"><strong>Ancho de banda<\/strong> (por Gb)<\/td>\n<td class=\"bana-starter\" style=\"width: 56.9px;\">50GB<\/td>\n<\/tr>\n<tr>\n<td class=\"title\" style=\"width: 576px;\"><strong>Alojamiento de dominios adicionales <\/strong><\/td>\n<td class=\"bana-starter\" style=\"width: 56.9px;\">ILIMITADOS<\/td>\n<\/tr>\n<tr>\n<td class=\"title\" style=\"width: 576px;\"><strong>Encriptaci\u00f3n SSLs<\/strong><\/td>\n<td class=\"bana-starter\" style=\"width: 56.9px;\">INCLUIDA<\/td>\n<\/tr>\n<tr class=\"even\">\n<td class=\"title\" style=\"width: 576px;\"><strong>Constructor de webs<\/strong> RVsitebuilder <a href=\"http:\/\/rvsitebuilder.com\/home\/demo\/\" target=\"_blank\" rel=\"noopener noreferrer\">(Tour)<\/a><\/td>\n<td class=\"bana-starter\" style=\"width: 56.9px;\"><img loading=\"lazy\" decoding=\"async\" src=\"https:\/\/banahosting.com\/images\/img-yes.png\" alt=\"image description\" width=\"21\" height=\"17\" \/><\/td>\n<\/tr>\n<tr>\n<td class=\"title\" style=\"width: 576px;\"><strong>Copias de seguridad<\/strong> autom\u00e1ticas semanales<\/td>\n<td class=\"bana-starter\" style=\"width: 56.9px;\"><img loading=\"lazy\" decoding=\"async\" src=\"https:\/\/banahosting.com\/images\/img-yes.png\" alt=\"image description\" width=\"21\" height=\"17\" \/><\/td>\n<\/tr>\n<tr>\n<td class=\"title\" style=\"width: 576px;\"><strong>100% WordPress Compatible<\/strong> La plataforma de publicaci\u00f3n de WordPress tiene miles de complementos gratuitos, cientos de temas gratuitos y es completamente personalizable.<\/td>\n<td class=\"bana-starter\" style=\"width: 56.9px;\"><img loading=\"lazy\" decoding=\"async\" src=\"https:\/\/banahosting.com\/images\/img-yes.png\" alt=\"image description\" width=\"21\" height=\"17\" \/><\/td>\n<\/tr>\n<tr class=\"even\">\n<td class=\"title\" style=\"width: 576px;\">\n<div class=\"popup-holder\"><span class=\"icon\"><span class=\"tlid-translation translation\" lang=\"es\"><strong><span title=\"\">Caracter\u00edsticas del panel de control &#8230;<\/span><\/strong><\/span><\/span><\/div>\n<ul>\n<li class=\"popup-holder\"><span class=\"icon\"><span class=\"tlid-translation translation\" lang=\"es\">&#8211;\u00a0 <span class=\"\" title=\"\">Estad\u00edsticas del sitio web: AWStats, Webalizer, Raw Log Manager, Referrer y Error<\/span> <\/span><\/span><\/li>\n<li class=\"popup-holder\"><span class=\"icon\"><span class=\"tlid-translation translation\" lang=\"es\">&#8211; <span class=\"\" title=\"\">Fantastico: carritos de compras instant\u00e1neos, blogs, portales, foros, mostradores<\/span> <\/span><\/span><\/li>\n<li class=\"popup-holder\"><span class=\"icon\"><span class=\"tlid-translation translation\" lang=\"es\">&#8211; <span class=\"\" title=\"\">Directorios protegidos por contrase\u00f1a y p\u00e1ginas de error personalizadas<\/span> <\/span><\/span><\/li>\n<li class=\"popup-holder\"><span class=\"icon\"><span class=\"tlid-translation translation\" lang=\"es\">&#8211; <span class=\"\" title=\"\">Administrador de archivos basado en web, Protecci\u00f3n de enlace activo, Administrador de denegaci\u00f3n de IP, redireccionamiento URL<\/span><\/span><\/span><\/li>\n<\/ul>\n<\/td>\n<td class=\"bana-starter\" style=\"width: 56.9px;\"><img loading=\"lazy\" decoding=\"async\" src=\"https:\/\/banahosting.com\/images\/img-yes.png\" alt=\"image description\" width=\"21\" height=\"17\" \/><\/td>\n<\/tr>\n<tr>\n<td class=\"title\" style=\"width: 576px;\"><strong>Autoinstalador Softaculous<\/strong> <span class=\"tlid-translation translation\" lang=\"es\"><span class=\"\" title=\"\">Softaculous es un gran instalador autom\u00e1tico que tiene 303 excelentes scripts, 1115 clases de PHP y sumando.<\/span> <span class=\"\" title=\"\">E<\/span><span class=\"\" title=\"\">stos scripts cubren la mayor\u00eda de los usos que un cliente podr\u00eda tener.<\/span> <span class=\"\" title=\"\">Hemos cubierto una amplia gama de categor\u00edas para que todos puedan encontrar el script requerido que uno necesitar\u00eda para impulsar su sitio web.<\/span> Sin necesidad de<span class=\"\" title=\"\"> conocimiento de programaci\u00f3n.<\/span><\/span><\/p>\n<div class=\"note\"><em><span class=\"tlid-translation translation\" lang=\"es\"><span class=\"\" title=\"\">Carros de compras instant\u00e1neos, blogs, portales, foros, contadores, formularios<\/span><\/span><\/em><\/div>\n<\/td>\n<td class=\"bana-starter\" style=\"width: 56.9px;\"><img loading=\"lazy\" decoding=\"async\" src=\"https:\/\/banahosting.com\/images\/img-yes.png\" alt=\"image description\" width=\"21\" height=\"17\" \/><\/td>\n<\/tr>\n<tr class=\"even\">\n<td class=\"title\" style=\"width: 576px;\"><strong>Autoinstalador Fantastico Deluxe <\/strong><span class=\"tlid-translation translation\" lang=\"es\"><span class=\"\" title=\"\">M\u00e1s de 52 scripts GRATUITOS Con un clic del mouse, puede instalar instant\u00e1neamente un script sin ning\u00fan conocimiento de programaci\u00f3n.<\/span><\/span><\/p>\n<div class=\"note\"><em><span class=\"tlid-translation translation\" lang=\"es\"><span class=\"\" title=\"\">Carros de compras instant\u00e1neos, blogs, portales, foros, contadores, formularios<\/span><\/span><\/em><\/div>\n<\/td>\n<td class=\"bana-starter\" style=\"width: 56.9px;\"><img loading=\"lazy\" decoding=\"async\" src=\"https:\/\/banahosting.com\/images\/img-yes.png\" alt=\"image description\" width=\"21\" height=\"17\" \/><\/td>\n<\/tr>\n<tr>\n<td class=\"title\" style=\"width: 576px;\"><span class=\"tlid-translation translation\" lang=\"es\"><span class=\"\" title=\"\">Programaci\u00f3n y caracter\u00edsticas de la base de datos &#8230;<\/span><\/span><\/p>\n<div class=\"note\">\n<ul>\n<li><span class=\"tlid-translation translation\" lang=\"es\"><span class=\"\" title=\"\">Bases de datos MySQL ilimitadas con acceso phpMyAdmin<\/span><\/span><\/li>\n<li><span class=\"tlid-translation translation\" lang=\"es\"><span class=\"\" title=\"\">Lenguaje de programaci\u00f3n: CGI, Fast CGI, PHP 5, Ruby on Rails, Perl, Python, SSI<\/span><\/span><\/li>\n<li><span class=\"tlid-translation translation\" lang=\"es\"><span class=\"\" title=\"\">M\u00f3dulos de programaci\u00f3n<\/span><\/span>: Curl, CPAN, GD Library, ImageMagick<\/li>\n<li><span class=\"tlid-translation translation\" lang=\"es\"><span class=\"\" title=\"\">Gesti\u00f3n del sistema<\/span><\/span>: Cron Job Scheduling<\/li>\n<li>Extensiones FrontPage<\/li>\n<\/ul>\n<\/div>\n<\/td>\n<td class=\"bana-starter\" style=\"width: 56.9px;\"><img loading=\"lazy\" decoding=\"async\" src=\"https:\/\/banahosting.com\/images\/img-yes.png\" alt=\"image description\" width=\"21\" height=\"17\" \/><\/td>\n<\/tr>\n<tr class=\"even\">\n<td class=\"title\" style=\"width: 576px;\">\n<div class=\"popup-holder\">Caracterlisticas eMail&#8230;<\/div>\n<div class=\"note\">\n<ul>\n<li>Ilimitadas cuentas eMail POP3\u00a0 con SMTP<\/li>\n<li>Acceso WebMail: Horde, SquirrelMail, RoundCube<\/li>\n<li>Soporte IMAP para recibir email en el m\u00f3viles y tablets<\/li>\n<li>Prevenci\u00f3n de spam con SpamAssassin<\/li>\n<li><span class=\"tlid-translation translation\" lang=\"es\"><span class=\"\" title=\"\">Autorespondedores ilimitados, reenv\u00edos de correo, alias de correo electr\u00f3nico, listas de correo<\/span><\/span><\/li>\n<\/ul>\n<\/div>\n<\/td>\n<td class=\"bana-starter\" style=\"width: 56.9px;\"><img loading=\"lazy\" decoding=\"async\" src=\"https:\/\/banahosting.com\/images\/img-yes.png\" alt=\"image description\" width=\"21\" height=\"17\" \/><\/td>\n<\/tr>\n<tr>\n<td class=\"title\" style=\"width: 576px;\">Hosting adecuado de Aplicaciones&#8230;<\/p>\n<div class=\"note\">\n<ul>\n<li><span class=\"tlid-translation translation\" lang=\"es\"><span class=\"\" title=\"\">\u00a1Instale instant\u00e1neamente m\u00e1s de 75 scripts de c\u00f3digo abierto con solo un clic!<\/span><\/span><\/li>\n<li><a href=\"https:\/\/banahosting.com\/reseller-hosting.shtml#\">WordPress Hosting<\/a> &#8211; <span class=\"tlid-translation translation\" lang=\"es\"><span class=\"\" title=\"\">Aloja tu propio blog de WordPress<\/span><\/span><\/li>\n<li><a href=\"https:\/\/banahosting.com\/reseller-hosting.shtml#\">Joomla Hosting<\/a> &amp; <a href=\"https:\/\/banahosting.com\/reseller-hosting.shtml#\">Drupal Hosting<\/a> &#8211; Soluciones profesionales CMS<\/li>\n<li><a href=\"https:\/\/banahosting.com\/reseller-hosting.shtml#\">Magento Hosting<\/a> &#8211; <span class=\"tlid-translation translation\" lang=\"es\"><span class=\"\" title=\"\">Plataforma de comercio electr\u00f3nico gratuita para su propia tienda.<\/span><\/span><\/li>\n<li><a href=\"https:\/\/banahosting.com\/reseller-hosting.shtml#\">Wiki Hosting<\/a> &#8211; <span class=\"tlid-translation translation\" lang=\"es\"><span class=\"\" title=\"\">Inicia un sitio tipo Wikipedia con MediaWiki<\/span><\/span><\/li>\n<\/ul>\n<\/div>\n<\/td>\n<td class=\"bana-starter\" style=\"width: 56.9px;\"><img loading=\"lazy\" decoding=\"async\" src=\"https:\/\/banahosting.com\/images\/img-yes.png\" alt=\"image description\" width=\"21\" height=\"17\" \/><\/td>\n<\/tr>\n<\/tbody>\n<\/table>\n<p><code><\/code><\/p>\n","protected":false},"excerpt":{"rendered":"<p>ALOJAMIENTO (hosting, mail, bases datos, ftp&#8230;) AMPLIABLE. Puedes solicitar el aumento de espacio en este enlace Panel de control propio (CPANEL) con: Ancho de banda (por Gb) 50GB Alojamiento de dominios adicionales ILIMITADOS Encriptaci\u00f3n SSLs INCLUIDA Constructor de webs RVsitebuilder (Tour) Copias de seguridad autom\u00e1ticas semanales 100% WordPress Compatible La plataforma de publicaci\u00f3n de WordPress [&hellip;]<\/p>\n","protected":false},"featured_media":227,"comment_status":"open","ping_status":"closed","template":"","meta":{"_et_pb_use_builder":"off","_et_pb_old_content":"<strong>ALOJAMIENTO (hosting, mail, bases datos, ftp...)\r\n<span style=\"color: #ff0000\">AMPLIABLE. <\/span><\/strong><span style=\"color: #ff0000\">Puedes solicitar el aumento de tama\u00f1o sin necesidad de modificar nada<\/span><strong>\r\n<\/strong>\r\n<p style=\"text-align: left\"><strong>Panel de control propio (CPANEL) con:<\/strong><\/p>\r\n\r\n<table style=\"width: 961px\">\r\n<tbody>\r\n<tr class=\"even\">\r\n<td class=\"title\" style=\"width: 701.767px\"><strong>Ancho de banda<\/strong> (por Gb)<\/td>\r\n<td class=\"bana-starter\" style=\"width: 114.233px\">50GB<\/td>\r\n<\/tr>\r\n<tr>\r\n<td class=\"title\" style=\"width: 701.767px\"><strong>Alojamiento de dominios adicionales\r\n<\/strong><\/td>\r\n<td class=\"bana-starter\" style=\"width: 114.233px\">ILIMITADOS<\/td>\r\n<\/tr>\r\n<tr>\r\n<td class=\"title\" style=\"width: 701.767px\"><strong>Encriptaci\u00f3n SSLs<\/strong><\/td>\r\n<td class=\"bana-starter\" style=\"width: 114.233px\">INCLUIDA<\/td>\r\n<\/tr>\r\n<tr class=\"even\">\r\n<td class=\"title\" style=\"width: 701.767px\"><strong>Constructor de webs<\/strong> RVsitebuilder <a href=\"http:\/\/rvsitebuilder.com\/home\/demo\/\" target=\"_blank\" rel=\"noopener noreferrer\">(Tour)<\/a><\/td>\r\n<td class=\"bana-starter\" style=\"width: 114.233px\"><img src=\"https:\/\/banahosting.com\/images\/img-yes.png\" alt=\"image description\" width=\"21\" height=\"17\" \/><\/td>\r\n<\/tr>\r\n<tr>\r\n<td class=\"title\" style=\"width: 701.767px\"><strong>Copias de seguridad<\/strong> autom\u00e1ticas semanales<\/td>\r\n<td class=\"bana-starter\" style=\"width: 114.233px\"><img src=\"https:\/\/banahosting.com\/images\/img-yes.png\" alt=\"image description\" width=\"21\" height=\"17\" \/><\/td>\r\n<\/tr>\r\n<tr>\r\n<td class=\"title\" style=\"width: 701.767px\"><strong>100% WordPress Compatible<\/strong>\r\nLa plataforma de publicaci\u00f3n de WordPress tiene miles de complementos gratuitos, cientos de temas gratuitos y es completamente personalizable.<\/td>\r\n<td class=\"bana-starter\" style=\"width: 114.233px\"><img src=\"https:\/\/banahosting.com\/images\/img-yes.png\" alt=\"image description\" width=\"21\" height=\"17\" \/><\/td>\r\n<\/tr>\r\n<tr class=\"even\">\r\n<td class=\"title\" style=\"width: 701.767px\">\r\n<div class=\"popup-holder\"><span class=\"icon\"><span class=\"tlid-translation translation\" lang=\"es\"><strong><span title=\"\">Caracter\u00edsticas del panel de control ...<\/span><\/strong><\/span><\/span><\/div>\r\n<ul>\r\n \t<li class=\"popup-holder\"><span class=\"icon\"><span class=\"tlid-translation translation\" lang=\"es\">-\u00a0 <span class=\"\" title=\"\">Estad\u00edsticas del sitio web: AWStats, Webalizer, Raw Log Manager, Referrer y Error<\/span>\r\n<\/span><\/span><\/li>\r\n \t<li class=\"popup-holder\"><span class=\"icon\"><span class=\"tlid-translation translation\" lang=\"es\">- <span class=\"\" title=\"\">Fantastico: carritos de compras instant\u00e1neos, blogs, portales, foros, mostradores<\/span>\r\n<\/span><\/span><\/li>\r\n \t<li class=\"popup-holder\"><span class=\"icon\"><span class=\"tlid-translation translation\" lang=\"es\">- <span class=\"\" title=\"\">Directorios protegidos por contrase\u00f1a y p\u00e1ginas de error personalizadas<\/span>\r\n<\/span><\/span><\/li>\r\n \t<li class=\"popup-holder\"><span class=\"icon\"><span class=\"tlid-translation translation\" lang=\"es\">- <span class=\"\" title=\"\">Administrador de archivos basado en web, Protecci\u00f3n de enlace activo, Administrador de denegaci\u00f3n de IP, redireccionamiento URL<\/span><\/span><\/span><\/li>\r\n<\/ul>\r\n<\/td>\r\n<td class=\"bana-starter\" style=\"width: 114.233px\"><img src=\"https:\/\/banahosting.com\/images\/img-yes.png\" alt=\"image description\" width=\"21\" height=\"17\" \/><\/td>\r\n<\/tr>\r\n<tr>\r\n<td class=\"title\" style=\"width: 701.767px\"><strong>Autoinstalador Softaculous<\/strong>\r\n<span class=\"tlid-translation translation\" lang=\"es\"><span class=\"\" title=\"\">Softaculous es un gran instalador autom\u00e1tico que tiene 303 excelentes scripts, 1115 clases de PHP y sumando.<\/span> <span class=\"\" title=\"\">E<\/span><span class=\"\" title=\"\">stos scripts cubren la mayor\u00eda de los usos que un cliente podr\u00eda tener.<\/span> <span class=\"\" title=\"\">Hemos cubierto una amplia gama de categor\u00edas para que todos puedan encontrar el script requerido que uno necesitar\u00eda para impulsar su sitio web.<\/span> Sin necesidad de<span class=\"\" title=\"\"> conocimiento de programaci\u00f3n.<\/span><\/span>\r\n<div class=\"note\">\r\n\r\n<em><span class=\"tlid-translation translation\" lang=\"es\"><span class=\"\" title=\"\">Carros de compras instant\u00e1neos, blogs, portales, foros, contadores, formularios<\/span><\/span><\/em>\r\n\r\n<\/div><\/td>\r\n<td class=\"bana-starter\" style=\"width: 114.233px\"><img src=\"https:\/\/banahosting.com\/images\/img-yes.png\" alt=\"image description\" width=\"21\" height=\"17\" \/><\/td>\r\n<\/tr>\r\n<tr class=\"even\">\r\n<td class=\"title\" style=\"width: 701.767px\"><strong>Autoinstalador Fantastico Deluxe\r\n<\/strong><span class=\"tlid-translation translation\" lang=\"es\"><span class=\"\" title=\"\">M\u00e1s de 52 scripts GRATUITOS Con un clic del mouse, puede instalar instant\u00e1neamente un script sin ning\u00fan conocimiento de programaci\u00f3n.<\/span><\/span>\r\n<div class=\"note\">\r\n\r\n<em><span class=\"tlid-translation translation\" lang=\"es\"><span class=\"\" title=\"\">Carros de compras instant\u00e1neos, blogs, portales, foros, contadores, formularios<\/span><\/span><\/em>\r\n\r\n<\/div><\/td>\r\n<td class=\"bana-starter\" style=\"width: 114.233px\"><img src=\"https:\/\/banahosting.com\/images\/img-yes.png\" alt=\"image description\" width=\"21\" height=\"17\" \/><\/td>\r\n<\/tr>\r\n<tr>\r\n<td class=\"title\" style=\"width: 701.767px\"><span class=\"tlid-translation translation\" lang=\"es\"><span class=\"\" title=\"\">Programaci\u00f3n y caracter\u00edsticas de la base de datos ...<\/span><\/span>\r\n<div class=\"note\">\r\n<ul>\r\n \t<li><span class=\"tlid-translation translation\" lang=\"es\"><span class=\"\" title=\"\">Bases de datos MySQL ilimitadas con acceso phpMyAdmin<\/span><\/span><\/li>\r\n \t<li><span class=\"tlid-translation translation\" lang=\"es\"><span class=\"\" title=\"\">Lenguaje de programaci\u00f3n: CGI, Fast CGI, PHP 5, Ruby on Rails, Perl, Python, SSI<\/span><\/span><\/li>\r\n \t<li><span class=\"tlid-translation translation\" lang=\"es\"><span class=\"\" title=\"\">M\u00f3dulos de programaci\u00f3n<\/span><\/span>: Curl, CPAN, GD Library, ImageMagick<\/li>\r\n \t<li><span class=\"tlid-translation translation\" lang=\"es\"><span class=\"\" title=\"\">Gesti\u00f3n del sistema<\/span><\/span>: Cron Job Scheduling<\/li>\r\n \t<li>Extensiones FrontPage<\/li>\r\n<\/ul>\r\n<\/div><\/td>\r\n<td class=\"bana-starter\" style=\"width: 114.233px\"><img src=\"https:\/\/banahosting.com\/images\/img-yes.png\" alt=\"image description\" width=\"21\" height=\"17\" \/><\/td>\r\n<\/tr>\r\n<tr class=\"even\">\r\n<td class=\"title\" style=\"width: 701.767px\">\r\n<div class=\"popup-holder\">Caracterlisticas eMail...<\/div>\r\n<div class=\"note\">\r\n<ul>\r\n \t<li>Ilimitadas cuentas eMail POP3\u00a0 con SMTP<\/li>\r\n \t<li>Acceso WebMail: Horde, SquirrelMail, RoundCube<\/li>\r\n \t<li>Soporte IMAP para recibir email en el m\u00f3viles y tablets<\/li>\r\n \t<li>Prevenci\u00f3n de spam con SpamAssassin<\/li>\r\n \t<li><span class=\"tlid-translation translation\" lang=\"es\"><span class=\"\" title=\"\">Autorespondedores ilimitados, reenv\u00edos de correo, alias de correo electr\u00f3nico, listas de correo<\/span><\/span><\/li>\r\n<\/ul>\r\n<\/div><\/td>\r\n<td class=\"bana-starter\" style=\"width: 114.233px\"><img src=\"https:\/\/banahosting.com\/images\/img-yes.png\" alt=\"image description\" width=\"21\" height=\"17\" \/><\/td>\r\n<\/tr>\r\n<tr>\r\n<td class=\"title\" style=\"width: 701.767px\">Hosting adecuado de Aplicaciones...\r\n<div class=\"note\">\r\n<ul>\r\n \t<li><span class=\"tlid-translation translation\" lang=\"es\"><span class=\"\" title=\"\">\u00a1Instale instant\u00e1neamente m\u00e1s de 75 scripts de c\u00f3digo abierto con solo un clic!<\/span><\/span><\/li>\r\n \t<li><a href=\"https:\/\/banahosting.com\/reseller-hosting.shtml#\">WordPress Hosting<\/a> - <span class=\"tlid-translation translation\" lang=\"es\"><span class=\"\" title=\"\">Aloja tu propio blog de WordPress<\/span><\/span><\/li>\r\n \t<li><a href=\"https:\/\/banahosting.com\/reseller-hosting.shtml#\">Joomla Hosting<\/a> & <a href=\"https:\/\/banahosting.com\/reseller-hosting.shtml#\">Drupal Hosting<\/a> - Soluciones profesionales CMS<\/li>\r\n \t<li><a href=\"https:\/\/banahosting.com\/reseller-hosting.shtml#\">Magento Hosting<\/a> - <span class=\"tlid-translation translation\" lang=\"es\"><span class=\"\" title=\"\">Plataforma de comercio electr\u00f3nico gratuita para su propia tienda.<\/span><\/span><\/li>\r\n \t<li><a href=\"https:\/\/banahosting.com\/reseller-hosting.shtml#\">Wiki Hosting<\/a> - <span class=\"tlid-translation translation\" lang=\"es\"><span class=\"\" title=\"\">Inicia un sitio tipo Wikipedia con MediaWiki<\/span><\/span><\/li>\r\n<\/ul>\r\n<\/div><\/td>\r\n<td class=\"bana-starter\" style=\"width: 114.233px\"><img src=\"https:\/\/banahosting.com\/images\/img-yes.png\" alt=\"image description\" width=\"21\" height=\"17\" \/><\/td>\r\n<\/tr>\r\n<\/tbody>\r\n<\/table>\r\n\u00a0\r\n\r\n<code><\/code>","_et_gb_content_width":"","_joinchat":[]},"product_cat":[18],"product_tag":[],"class_list":["post-226","product","type-product","status-publish","has-post-thumbnail","hentry","product_cat-internet-www"],"_links":{"self":[{"href":"https:\/\/amanida.net\/es\/wp-json\/wp\/v2\/product\/226","targetHints":{"allow":["GET"]}}],"collection":[{"href":"https:\/\/amanida.net\/es\/wp-json\/wp\/v2\/product"}],"about":[{"href":"https:\/\/amanida.net\/es\/wp-json\/wp\/v2\/types\/product"}],"replies":[{"embeddable":true,"href":"https:\/\/amanida.net\/es\/wp-json\/wp\/v2\/comments?post=226"}],"wp:featuredmedia":[{"embeddable":true,"href":"https:\/\/amanida.net\/es\/wp-json\/wp\/v2\/media\/227"}],"wp:attachment":[{"href":"https:\/\/amanida.net\/es\/wp-json\/wp\/v2\/media?parent=226"}],"wp:term":[{"taxonomy":"product_cat","embeddable":true,"href":"https:\/\/amanida.net\/es\/wp-json\/wp\/v2\/product_cat?post=226"},{"taxonomy":"product_tag","embeddable":true,"href":"https:\/\/amanida.net\/es\/wp-json\/wp\/v2\/product_tag?post=226"}],"curies":[{"name":"wp","href":"https:\/\/api.w.org\/{rel}","templated":true}]}}